{"id":3,"date":"2023-11-24T12:12:30","date_gmt":"2023-11-24T12:12:30","guid":{"rendered":"https:\/\/eremit-awards.at\/?page_id=3"},"modified":"2024-02-02T09:11:37","modified_gmt":"2024-02-02T09:11:37","slug":"datenschutz","status":"publish","type":"page","link":"https:\/\/eremit-awards.at\/cs\/datenschutz\/","title":{"rendered":"Ochrana dat"},"content":{"rendered":"<div data-elementor-type=\"wp-page\" data-elementor-id=\"3\" class=\"elementor elementor-3\" data-elementor-post-type=\"page\">\n\t\t\t\t\t\t<section class=\"elementor-section elementor-top-section elementor-element elementor-element-8424ae3 elementor-section-boxed elementor-section-height-default elementor-section-height-default\" data-id=\"8424ae3\" data-element_type=\"section\" data-e-type=\"section\">\n\t\t\t\t\t\t<div class=\"elementor-container elementor-column-gap-default\">\n\t\t\t\t\t<div class=\"elementor-column elementor-col-100 elementor-top-column elementor-element elementor-element-7e97fabc\" data-id=\"7e97fabc\" data-element_type=\"column\" data-e-type=\"column\">\n\t\t\t<div class=\"elementor-widget-wrap elementor-element-populated\">\n\t\t\t\t\t\t<div class=\"elementor-element elementor-element-353867 elementor-widget elementor-widget-text-editor\" data-id=\"353867\" data-element_type=\"widget\" data-e-type=\"widget\" data-widget_type=\"text-editor.default\">\n\t\t\t\t<div class=\"elementor-widget-container\">\n\t\t\t\t\t\t\t\t\t<h2>Ochrana dat<\/h2>\n<p>Ochrana va\u0161ich osobn\u00edch \u00fadaj\u016f je pro n\u00e1s obzvl\u00e1\u0161t\u011b d\u016fle\u017eit\u00e1. Va\u0161e \u00fadaje proto zpracov\u00e1v\u00e1me v\u00fdhradn\u011b na z\u00e1klad\u011b z\u00e1konn\u00fdch ustanoven\u00ed (GDPR, TKG 2003). V t\u011bchto informac\u00edch o ochran\u011b \u00fadaj\u016f v\u00e1s informujeme o nejd\u016fle\u017eit\u011bj\u0161\u00edch aspektech zpracov\u00e1n\u00ed \u00fadaj\u016f na na\u0161ich webov\u00fdch str\u00e1nk\u00e1ch.<\/p>\n<p>Va\u0161e \u00fadaje nebudou bez va\u0161eho v\u00fdslovn\u00e9ho souhlasu p\u0159ed\u00e1ny dal\u0161\u00edm p\u0159\u00edjemc\u016fm.<\/p>\n<h2>Kontaktujte n\u00e1s<\/h2>\n<p>Pokud n\u00e1s kontaktujete pomoc\u00ed formul\u00e1\u0159e na webov\u00fdch str\u00e1nk\u00e1ch nebo e-mailem, \u00fadaje, kter\u00e9 n\u00e1m poskytnete, budou u n\u00e1s ulo\u017eeny po dobu \u0161esti m\u011bs\u00edc\u016f za \u00fa\u010delem zpracov\u00e1n\u00ed va\u0161\u00ed \u017e\u00e1dosti a pro p\u0159\u00edpad n\u00e1sledn\u00fdch dotaz\u016f. Tyto \u00fadaje bez va\u0161eho souhlasu nep\u0159ed\u00e1me.<\/p>\n<h2>Formul\u00e1\u0159e<\/h2>\n<p>Po odesl\u00e1n\u00ed kontaktn\u00edho formul\u00e1\u0159e budou v\u00fd\u0161e uveden\u00e9 \u00fadaje zpracov\u00e1ny osobou odpov\u011bdnou za ochranu \u00fadaj\u016f Alfred Eremit Gesellschaf mb H., Untere Carnuntumstra\u00dfe 17, A-2403 Wildungsmauer, Mail:\u00a0<span id=\"cloak34be3ece507898e5166d908b2ea6d6a1\"><a href=\"mailto:office@eremit-display.at\">office@eremit-display.at<\/a><\/span>, za \u00fa\u010delem vy\u0159\u00edzen\u00ed Va\u0161\u00ed popt\u00e1vky na z\u00e1klad\u011b Va\u0161eho souhlasu ud\u011blen\u00e9ho odesl\u00e1n\u00edm formul\u00e1\u0159e. \u00dadaje budou d\u00e1le zpracov\u00e1v\u00e1ny za \u00fa\u010delem p\u0159\u00edm\u00e9 reklamy, kter\u00e1 je slu\u010diteln\u00e1 s p\u016fvodn\u00edm \u00fa\u010delem zpracov\u00e1n\u00ed, na stejn\u00e9m pr\u00e1vn\u00edm z\u00e1klad\u011b, pokud nebude vznesena n\u00e1mitka. Neexistuje \u017e\u00e1dn\u00e1 z\u00e1konn\u00e1 ani smluvn\u00ed povinnost poskytovat osobn\u00ed \u00fadaje. Pokud jej neposkytnete, jednodu\u0161e to znamen\u00e1, \u017ee nebudete moci svou \u017e\u00e1dost odeslat a my ji nebudeme moci zpracovat. Nebude p\u0159ed\u00e1n dal\u0161\u00edm p\u0159\u00edjemc\u016fm. M\u00e1te pr\u00e1vo sv\u016fj souhlas kdykoli odvolat p\u00edsemn\u00fdm ozn\u00e1men\u00edm, ani\u017e by t\u00edm byla dot\u010dena z\u00e1konnost zpracov\u00e1n\u00ed prov\u00e1d\u011bn\u00e9ho na z\u00e1klad\u011b souhlasu p\u0159ed jeho odvol\u00e1n\u00edm. M\u00e1te pr\u00e1vo kdykoli vzn\u00e9st n\u00e1mitku proti pou\u017eit\u00ed va\u0161ich osobn\u00edch \u00fadaj\u016f pro \u00fa\u010dely p\u0159\u00edm\u00e9ho marketingu zasl\u00e1n\u00edm p\u00edsemn\u00e9ho ozn\u00e1men\u00ed. V p\u0159\u00edpad\u011b n\u00e1mitky ji\u017e nebudou Va\u0161e osobn\u00ed \u00fadaje zpracov\u00e1v\u00e1ny za \u00fa\u010delem p\u0159\u00edm\u00e9 reklamy. M\u00e1te pr\u00e1vo na informace, opravu, v\u00fdmaz, omezen\u00ed zpracov\u00e1n\u00ed a p\u0159enositelnost sv\u00fdch osobn\u00edch \u00fadaj\u016f a tak\u00e9 pr\u00e1vo podat st\u00ed\u017enost u dozorov\u00e9ho \u00fa\u0159adu (rakousk\u00fd \u00fa\u0159ad pro ochranu osobn\u00edch \u00fadaj\u016f, Hohenstaufengasse 3, 1010 V\u00edde\u0148,\u00a0<span id=\"cloak69a433209107c660f1921c6c681faaf2\"><a href=\"mailto:dsb@dsb.gv.at\">dsb@dsb.gv.at<\/a><\/span>).<\/p>\n<h2>Soubory cookie<\/h2>\n<p>Tento web pou\u017e\u00edv\u00e1 soubory cookie. D\u00edky cookies jsou webov\u00e9 str\u00e1nky pro u\u017eivatele u\u017eivatelsky p\u0159\u00edv\u011btiv\u011bj\u0161\u00ed a efektivn\u011bj\u0161\u00ed. Cookie je mal\u00fd textov\u00fd soubor pou\u017e\u00edvan\u00fd k ukl\u00e1d\u00e1n\u00ed informac\u00ed. Kdy\u017e nav\u0161t\u00edv\u00edte webovou str\u00e1nku, webov\u00e1 str\u00e1nka m\u016f\u017ee um\u00edstit soubor cookie do po\u010d\u00edta\u010de n\u00e1v\u0161t\u011bvn\u00edka webov\u00e9 str\u00e1nky. Pokud u\u017eivatel pozd\u011bji znovu nav\u0161t\u00edv\u00ed webovou str\u00e1nku, m\u016f\u017ee webov\u00e1 str\u00e1nka na\u010d\u00edst \u00fadaje z d\u0159\u00edve ulo\u017een\u00e9ho souboru cookie a nap\u0159\u00edklad zjistit, zda u\u017eivatel web ji\u017e d\u0159\u00edve nav\u0161t\u00edvil a o jak\u00e9 oblasti webu se u\u017eivatel zvl\u00e1\u0161t\u011b zaj\u00edmal. V\u00edce informac\u00ed o cookies najdete na WIKIPEDII.<\/p>\n<h2>Zm\u011bna nastaven\u00ed soubor\u016f cookie<\/h2>\n<p>U\u017eivatel m\u016f\u017ee v nastaven\u00ed webov\u00e9ho prohl\u00ed\u017ee\u010de ur\u010dit, jak webov\u00fd prohl\u00ed\u017ee\u010d nakl\u00e1d\u00e1 s cookies a kter\u00e9 cookies jsou povoleny nebo odm\u00edtnuty. Kde p\u0159esn\u011b se tato nastaven\u00ed nach\u00e1zej\u00ed, z\u00e1vis\u00ed na p\u0159\u00edslu\u0161n\u00e9m webov\u00e9m prohl\u00ed\u017ee\u010di. Podrobn\u00e9 informace jsou p\u0159\u00edstupn\u00e9 pomoc\u00ed funkce n\u00e1pov\u011bdy p\u0159\u00edslu\u0161n\u00e9ho webov\u00e9ho prohl\u00ed\u017ee\u010de. Pokud je pou\u017e\u00edv\u00e1n\u00ed cookies omezeno, v\u0161echny funkce tohoto webu ji\u017e nemus\u00ed b\u00fdt pln\u011b pou\u017eiteln\u00e9.<\/p>\n<h2>Cookies na na\u0161em webu<\/h2>\n<p>Na\u0161e webov\u00e9 str\u00e1nky vyu\u017e\u00edvaj\u00ed n\u00e1sleduj\u00edc\u00ed poskytovatele:<\/p>\n<ul>\n<li>Na\u0161e webov\u00e9 str\u00e1nky (CookieConsent): Slou\u017e\u00ed k ulo\u017een\u00ed souhlasu s pou\u017e\u00edv\u00e1n\u00edm cookies<\/li>\n<li>Google Analytics od spole\u010dnosti Google LLC: &gt; Podm\u00ednky pou\u017eit\u00ed Google Analytics<\/li>\n<\/ul>\n<h2>Google Analytics<\/h2>\n<p>Tento web pou\u017e\u00edv\u00e1 Google Analytics, slu\u017ebu webov\u00e9 anal\u00fdzy poskytovanou spole\u010dnost\u00ed Google Inc, 1600 Amphitheatre Parkway Mountain View, CA 94043, USA (\u201eGoogle\u201c) na pr\u00e1vn\u00edm z\u00e1klad\u011b p\u0159eva\u017euj\u00edc\u00edho opr\u00e1vn\u011bn\u00e9ho z\u00e1jmu (anal\u00fdza pou\u017e\u00edv\u00e1n\u00ed webu). Za t\u00edmto \u00fa\u010delem jsme uzav\u0159eli smlouvu o zpracov\u00e1n\u00ed \u00fadaj\u016f se spole\u010dnost\u00ed Google. Kdy\u017e vstoup\u00edte na na\u0161e webov\u00e9 str\u00e1nky, vytvo\u0159\u00ed se spojen\u00ed se servery Google prost\u0159ednictv\u00edm softwaru a data se p\u0159enesou na servery Google, z nich\u017e n\u011bkter\u00e9 se nach\u00e1zej\u00ed v USA. Google Analytics tak\u00e9 pou\u017e\u00edv\u00e1 soubory cookie k ukl\u00e1d\u00e1n\u00ed informac\u00ed o u\u017eivatel\u00edch webov\u00fdch str\u00e1nek a k anal\u00fdze toho, jak u\u017eivatel\u00e9 webov\u00e9 str\u00e1nky pou\u017e\u00edvaj\u00ed.<\/p>\n<p>Tento web pou\u017e\u00edv\u00e1 funkci \u201eAktivace anonymizace IP\u201c. V d\u016fsledku toho bude va\u0161e IP adresa spole\u010dnost\u00ed Google v \u010dlensk\u00fdch st\u00e1tech Evropsk\u00e9 unie nebo v jin\u00fdch smluvn\u00edch st\u00e1tech Dohody o Evropsk\u00e9m hospod\u00e1\u0159sk\u00e9m prostoru p\u0159edem zkr\u00e1cena. Pouze ve v\u00fdjime\u010dn\u00fdch p\u0159\u00edpadech bude \u00fapln\u00e1 IP adresa p\u0159enesena na server Google v USA a tam zkr\u00e1cena. Podle spole\u010dnosti Google pou\u017eije Google shrom\u00e1\u017ed\u011bn\u00e9 \u00fadaje k vyhodnocen\u00ed pou\u017e\u00edv\u00e1n\u00ed webov\u00e9 str\u00e1nky, k sestavov\u00e1n\u00ed zpr\u00e1v o aktivit\u011b na webov\u00fdch str\u00e1nk\u00e1ch a k poskytov\u00e1n\u00ed dal\u0161\u00edch slu\u017eeb souvisej\u00edc\u00edch s \u010dinnost\u00ed na webov\u00fdch str\u00e1nk\u00e1ch a pou\u017e\u00edv\u00e1n\u00edm internetu. Google m\u016f\u017ee tak\u00e9 p\u0159ed\u00e1vat tyto informace t\u0159et\u00edm stran\u00e1m, pokud to vy\u017eaduje z\u00e1kon nebo pokud t\u0159et\u00ed strany zpracov\u00e1vaj\u00ed tyto \u00fadaje jm\u00e9nem spole\u010dnosti Google.<\/p>\n<p>Podrobn\u00e9 informace o tom, jak Google Analytics nakl\u00e1d\u00e1 s u\u017eivatelsk\u00fdmi \u00fadaji, naleznete v z\u00e1sad\u00e1ch ochrany osobn\u00edch \u00fadaj\u016f Google nebo Google Analytics.<\/p>\n<h2>Deaktivujte Google Analytics<\/h2>\n<p>Obecn\u011b m\u016f\u017eete zabr\u00e1nit slu\u017eb\u011b Google Analytics ve shroma\u017e\u010fov\u00e1n\u00ed va\u0161ich u\u017eivatelsk\u00fdch \u00fadaj\u016f na v\u0161ech webov\u00fdch str\u00e1nk\u00e1ch sta\u017een\u00edm a instalac\u00ed z\u00e1suvn\u00e9ho modulu prohl\u00ed\u017ee\u010de dostupn\u00e9ho na n\u00e1sleduj\u00edc\u00edm odkazu: https:\/\/tools.google.com\/dlpage\/gaoptout?hl=de M\u016f\u017eete zabr\u00e1nit ze shroma\u017e\u010fov\u00e1n\u00ed u\u017eivatelsk\u00fdch \u00fadaj\u016f slu\u017ebou Google Analytics pouze na t\u00e9to webov\u00e9 str\u00e1nce kliknut\u00edm na n\u00e1sleduj\u00edc\u00ed odkaz. Bude nastaven opt-out cookie, kter\u00fd zabr\u00e1n\u00ed shroma\u017e\u010fov\u00e1n\u00ed va\u0161ich \u00fadaj\u016f p\u0159i budouc\u00edch n\u00e1v\u0161t\u011bv\u00e1ch tohoto webu: deaktivujte Google Analytics. Va\u0161e pr\u00e1va<\/p>\n<p>V z\u00e1sad\u011b m\u00e1te pr\u00e1vo na informace, opravu, v\u00fdmaz, omezen\u00ed, p\u0159enositelnost \u00fadaj\u016f, odvol\u00e1n\u00ed a n\u00e1mitku. Pokud se domn\u00edv\u00e1te, \u017ee zpracov\u00e1n\u00edm va\u0161ich \u00fadaj\u016f doch\u00e1z\u00ed k poru\u0161en\u00ed z\u00e1kona o ochran\u011b \u00fadaj\u016f nebo byla jin\u00fdm zp\u016fsobem poru\u0161ena va\u0161e pr\u00e1va na ochranu \u00fadaj\u016f, m\u016f\u017eete si st\u011b\u017eovat u dozorov\u00e9ho \u00fa\u0159adu. V Rakousku je to org\u00e1n pro ochranu \u00fadaj\u016f. M\u016f\u017eete n\u00e1s kontaktovat pomoc\u00ed n\u00e1sleduj\u00edc\u00edch kontaktn\u00edch \u00fadaj\u016f:<\/p>\n<p>Alfred Eremit Gesellschaft m. b. H.<br \/>Untere Carnutumstra\u00dfe 17, A-2403 Wildungsmauer<br \/>Mail:\u00a0<span id=\"cloak6642f338c461a7b5a664fb6ba1036e8b\"><a href=\"mailto:office@eremit-display.at\">office@eremit-display.at<\/a><\/span><\/p>\t\t\t\t\t\t\t\t<\/div>\n\t\t\t\t<\/div>\n\t\t\t\t\t<\/div>\n\t\t<\/div>\n\t\t\t\t\t<\/div>\n\t\t<\/section>\n\t\t\t\t<\/div>","protected":false},"excerpt":{"rendered":"<p>Datenschutz Der Schutz Ihrer pers\u00f6nlichen Daten ist uns ein besonderes Anliegen. Wir verarbeiten Ihre Daten daher ausschlie\u00dflich auf Grundlage der gesetzlichen Bestimmungen (DSGVO, TKG 2003). In diesen Datenschutzinformationen informieren wir Sie \u00fcber die wichtigsten Aspekte der Datenverarbeitung im Rahmen unserer Website. Ihre Daten werden ohne Ihre ausdr\u00fcckliche Zustimmung nicht an andere Empf\u00e4nger weitergegeben. Kontakt mit [&hellip;]<\/p>\n","protected":false},"author":1,"featured_media":0,"parent":0,"menu_order":0,"comment_status":"closed","ping_status":"closed","template":"","meta":{"site-sidebar-layout":"default","site-content-layout":"","ast-site-content-layout":"default","site-content-style":"default","site-sidebar-style":"default","ast-global-header-display":"","ast-banner-title-visibility":"","ast-main-header-display":"","ast-hfb-above-header-display":"","ast-hfb-below-header-display":"","ast-hfb-mobile-header-display":"","site-post-title":"","ast-breadcrumbs-content":"","ast-featured-img":"","footer-sml-layout":"","ast-disable-related-posts":"","theme-transparent-header-meta":"","adv-header-id-meta":"","stick-header-meta":"","header-above-stick-meta":"","header-main-stick-meta":"","header-below-stick-meta":"","astra-migrate-meta-layouts":"default","ast-page-background-enabled":"default","ast-page-background-meta":{"desktop":{"background-color":"var(--ast-global-color-4)","background-image":"","background-repeat":"repeat","background-position":"center center","background-size":"auto","background-attachment":"scroll","background-type":"","background-media":"","overlay-type":"","overlay-color":"","overlay-opacity":"","overlay-gradient":""},"tablet":{"background-color":"","background-image":"","background-repeat":"repeat","background-position":"center center","background-size":"auto","background-attachment":"scroll","background-type":"","background-media":"","overlay-type":"","overlay-color":"","overlay-opacity":"","overlay-gradient":""},"mobile":{"background-color":"","background-image":"","background-repeat":"repeat","background-position":"center center","background-size":"auto","background-attachment":"scroll","background-type":"","background-media":"","overlay-type":"","overlay-color":"","overlay-opacity":"","overlay-gradient":""}},"ast-content-background-meta":{"desktop":{"background-color":"var(--ast-global-color-5)","background-image":"","background-repeat":"repeat","background-position":"center center","background-size":"auto","background-attachment":"scroll","background-type":"","background-media":"","overlay-type":"","overlay-color":"","overlay-opacity":"","overlay-gradient":""},"tablet":{"background-color":"var(--ast-global-color-5)","background-image":"","background-repeat":"repeat","background-position":"center center","background-size":"auto","background-attachment":"scroll","background-type":"","background-media":"","overlay-type":"","overlay-color":"","overlay-opacity":"","overlay-gradient":""},"mobile":{"background-color":"var(--ast-global-color-5)","background-image":"","background-repeat":"repeat","background-position":"center center","background-size":"auto","background-attachment":"scroll","background-type":"","background-media":"","overlay-type":"","overlay-color":"","overlay-opacity":"","overlay-gradient":""}},"footnotes":""},"class_list":["post-3","page","type-page","status-publish","hentry"],"_links":{"self":[{"href":"https:\/\/eremit-awards.at\/cs\/wp-json\/wp\/v2\/pages\/3","targetHints":{"allow":["GET"]}}],"collection":[{"href":"https:\/\/eremit-awards.at\/cs\/wp-json\/wp\/v2\/pages"}],"about":[{"href":"https:\/\/eremit-awards.at\/cs\/wp-json\/wp\/v2\/types\/page"}],"author":[{"embeddable":true,"href":"https:\/\/eremit-awards.at\/cs\/wp-json\/wp\/v2\/users\/1"}],"replies":[{"embeddable":true,"href":"https:\/\/eremit-awards.at\/cs\/wp-json\/wp\/v2\/comments?post=3"}],"version-history":[{"count":4,"href":"https:\/\/eremit-awards.at\/cs\/wp-json\/wp\/v2\/pages\/3\/revisions"}],"predecessor-version":[{"id":633,"href":"https:\/\/eremit-awards.at\/cs\/wp-json\/wp\/v2\/pages\/3\/revisions\/633"}],"wp:attachment":[{"href":"https:\/\/eremit-awards.at\/cs\/wp-json\/wp\/v2\/media?parent=3"}],"curies":[{"name":"wp","href":"https:\/\/api.w.org\/{rel}","templated":true}]}}