{"id":29,"date":"2023-11-29T09:36:13","date_gmt":"2023-11-29T09:36:13","guid":{"rendered":"https:\/\/eremit-awards.at\/?page_id=29"},"modified":"2025-03-15T09:02:23","modified_gmt":"2025-03-15T09:02:23","slug":"ueber-uns","status":"publish","type":"page","link":"https:\/\/eremit-awards.at\/sk\/ueber-uns\/","title":{"rendered":"O n\u00e1s"},"content":{"rendered":"<div data-elementor-type=\"wp-page\" data-elementor-id=\"29\" class=\"elementor elementor-29\" data-elementor-post-type=\"page\">\n\t\t\t\t\t\t<section class=\"elementor-section elementor-top-section elementor-element elementor-element-b179a5a elementor-section-full_width elementor-section-height-min-height elementor-section-stretched elementor-section-height-default elementor-section-items-middle\" data-id=\"b179a5a\" data-element_type=\"section\" data-e-type=\"section\" data-settings=\"{&quot;stretch_section&quot;:&quot;section-stretched&quot;,&quot;background_background&quot;:&quot;classic&quot;}\">\n\t\t\t\t\t\t<div class=\"elementor-container elementor-column-gap-default\">\n\t\t\t\t\t<div class=\"elementor-column elementor-col-100 elementor-top-column elementor-element elementor-element-70899e0\" data-id=\"70899e0\" data-element_type=\"column\" data-e-type=\"column\">\n\t\t\t<div class=\"elementor-widget-wrap\">\n\t\t\t\t\t\t\t<\/div>\n\t\t<\/div>\n\t\t\t\t\t<\/div>\n\t\t<\/section>\n\t\t\t\t<section class=\"elementor-section elementor-top-section elementor-element elementor-element-38dc582 elementor-section-boxed elementor-section-height-default elementor-section-height-default\" data-id=\"38dc582\" data-element_type=\"section\" data-e-type=\"section\">\n\t\t\t\t\t\t<div class=\"elementor-container elementor-column-gap-default\">\n\t\t\t\t\t<div class=\"elementor-column elementor-col-100 elementor-top-column elementor-element elementor-element-59d8a75\" data-id=\"59d8a75\" data-element_type=\"column\" data-e-type=\"column\">\n\t\t\t<div class=\"elementor-widget-wrap elementor-element-populated\">\n\t\t\t\t\t\t<div class=\"elementor-element elementor-element-ad375ad elementor-widget elementor-widget-heading\" data-id=\"ad375ad\" data-element_type=\"widget\" data-e-type=\"widget\" data-widget_type=\"heading.default\">\n\t\t\t\t<div class=\"elementor-widget-container\">\n\t\t\t\t\t<h2 class=\"elementor-heading-title elementor-size-default\">O n\u00e1s<\/h2>\t\t\t\t<\/div>\n\t\t\t\t<\/div>\n\t\t\t\t<div class=\"elementor-element elementor-element-7b60e78 elementor-widget elementor-widget-text-editor\" data-id=\"7b60e78\" data-element_type=\"widget\" data-e-type=\"widget\" data-widget_type=\"text-editor.default\">\n\t\t\t\t<div class=\"elementor-widget-container\">\n\t\t\t\t\t\t\t\t\t<p>Eremit Display je rodinn\u00e1 firma, ktor\u00e1 vyr\u00e1ba plastov\u00e9 v\u00fdrobky u\u017e od roku 1927. Po\u010dn\u00fac dom\u00e1cimi potrebami a ozdobami na viano\u010dn\u00fd strom\u010dek sa spolo\u010dnos\u0165 neust\u00e1le rozv\u00edjala a roz\u0161irovala. Dnes m\u00e1 tri prev\u00e1dzky v Rak\u00fasku a \u010ceskej republike, kde vyu\u017e\u00edva najmodernej\u0161ie technol\u00f3gie ako lasery, CNC fr\u00e9zovanie a digit\u00e1lnu doskov\u00fa tla\u010d.<\/p><p>Eremit Display pon\u00faka svojim z\u00e1kazn\u00edkom individu\u00e1lny v\u00fdvoj produktov a \u0161peci\u00e1lnu v\u00fdrobu z r\u00f4znych materi\u00e1lov ako s\u00fa plasty, kompozity, drevo at\u010f. Okrem spracovania technick\u00fdch plastov pre priemysel a v\u00fdroby POS rie\u0161en\u00ed pre r\u00f4zne priemyseln\u00e9 odvetvia sa pozornos\u0165 s\u00fastre\u010fuje na produkciu individu\u00e1lnych ocenen\u00ed, ktor\u00e9 odr\u00e1\u017eaj\u00fa kreativitu, know-how a dodr\u017eiavanie term\u00ednov Eremit Display. Eremit Display sprev\u00e1dza svojich z\u00e1kazn\u00edkov cel\u00fdm procesom tvorby ocenen\u00ed, od generovania n\u00e1padov cez dizajn a\u017e po v\u00fdrobu. Vznikaj\u00fa tak v\u00fdnimo\u010dn\u00e9 ocenenia, ktor\u00e9 ctia a uzn\u00e1vaj\u00fa \u00faspechy a \u00faspechy ocenen\u00fdch.<\/p><p><strong>Eremit Display je hrd\u00fd na svoje dlhoro\u010dn\u00e9 sk\u00fasenosti, spokojn\u00fdch z\u00e1kazn\u00edkov a inovat\u00edvne rie\u0161enia.<\/strong><\/p>\t\t\t\t\t\t\t\t<\/div>\n\t\t\t\t<\/div>\n\t\t\t\t<section class=\"elementor-section elementor-inner-section elementor-element elementor-element-7a002f8 elementor-section-boxed elementor-section-height-default elementor-section-height-default\" data-id=\"7a002f8\" data-element_type=\"section\" data-e-type=\"section\">\n\t\t\t\t\t\t<div class=\"elementor-container elementor-column-gap-default\">\n\t\t\t\t\t<div class=\"elementor-column elementor-col-50 elementor-inner-column elementor-element elementor-element-22a26b2\" data-id=\"22a26b2\" data-element_type=\"column\" data-e-type=\"column\">\n\t\t\t<div class=\"elementor-widget-wrap elementor-element-populated\">\n\t\t\t\t\t\t<div class=\"elementor-element elementor-element-4d91266 elementor-widget elementor-widget-image\" data-id=\"4d91266\" data-element_type=\"widget\" data-e-type=\"widget\" data-widget_type=\"image.default\">\n\t\t\t\t<div class=\"elementor-widget-container\">\n\t\t\t\t\t\t\t\t\t\t\t\t\t\t\t<img fetchpriority=\"high\" decoding=\"async\" width=\"1024\" height=\"700\" src=\"https:\/\/eremit-awards.at\/wp-content\/uploads\/2024\/01\/Historie_eremit_opa_uropa_freigestellt_kl-1024x700.png\" class=\"attachment-large size-large wp-image-502\" alt=\"Firmengr\u00fcnder\" srcset=\"https:\/\/eremit-awards.at\/wp-content\/uploads\/2024\/01\/Historie_eremit_opa_uropa_freigestellt_kl-1024x700.png 1024w, https:\/\/eremit-awards.at\/wp-content\/uploads\/2024\/01\/Historie_eremit_opa_uropa_freigestellt_kl-300x205.png 300w, https:\/\/eremit-awards.at\/wp-content\/uploads\/2024\/01\/Historie_eremit_opa_uropa_freigestellt_kl-768x525.png 768w, https:\/\/eremit-awards.at\/wp-content\/uploads\/2024\/01\/Historie_eremit_opa_uropa_freigestellt_kl-18x12.png 18w, https:\/\/eremit-awards.at\/wp-content\/uploads\/2024\/01\/Historie_eremit_opa_uropa_freigestellt_kl.png 1500w\" sizes=\"(max-width: 1024px) 100vw, 1024px\" \/>\t\t\t\t\t\t\t\t\t\t\t\t\t\t\t<\/div>\n\t\t\t\t<\/div>\n\t\t\t\t\t<\/div>\n\t\t<\/div>\n\t\t\t\t<div class=\"elementor-column elementor-col-50 elementor-inner-column elementor-element elementor-element-0e07a23\" data-id=\"0e07a23\" data-element_type=\"column\" data-e-type=\"column\">\n\t\t\t<div class=\"elementor-widget-wrap elementor-element-populated\">\n\t\t\t\t\t\t<div class=\"elementor-element elementor-element-b079ca6 elementor-widget elementor-widget-gallery\" data-id=\"b079ca6\" data-element_type=\"widget\" data-e-type=\"widget\" data-settings=\"{&quot;gallery_layout&quot;:&quot;masonry&quot;,&quot;columns_tablet&quot;:4,&quot;columns_mobile&quot;:2,&quot;gap&quot;:{&quot;unit&quot;:&quot;px&quot;,&quot;size&quot;:20,&quot;sizes&quot;:[]},&quot;gap_tablet&quot;:{&quot;unit&quot;:&quot;px&quot;,&quot;size&quot;:20,&quot;sizes&quot;:[]},&quot;lazyload&quot;:&quot;yes&quot;,&quot;columns&quot;:4,&quot;gap_mobile&quot;:{&quot;unit&quot;:&quot;px&quot;,&quot;size&quot;:10,&quot;sizes&quot;:[]},&quot;link_to&quot;:&quot;file&quot;,&quot;content_hover_animation&quot;:&quot;fade-in&quot;}\" data-widget_type=\"gallery.default\">\n\t\t\t\t<div class=\"elementor-widget-container\">\n\t\t\t\t\t\t\t<div class=\"elementor-gallery__container\">\n\t\t\t\t\t\t\t<a class=\"e-gallery-item elementor-gallery-item elementor-animated-content\" href=\"https:\/\/eremit-awards.at\/wp-content\/uploads\/2024\/01\/Gutesiegel_Meisterbetrieb.png\" data-elementor-open-lightbox=\"yes\" data-elementor-lightbox-slideshow=\"b079ca6\" data-elementor-lightbox-title=\"Gutesiegel_Meisterbetrieb\" data-e-action-hash=\"#elementor-action%3Aaction%3Dlightbox%26settings%3DeyJpZCI6NTA2LCJ1cmwiOiJodHRwczpcL1wvZXJlbWl0LWF3YXJkcy5hdFwvd3AtY29udGVudFwvdXBsb2Fkc1wvMjAyNFwvMDFcL0d1dGVzaWVnZWxfTWVpc3RlcmJldHJpZWIucG5nIiwic2xpZGVzaG93IjoiYjA3OWNhNiJ9\">\n\t\t\t\t\t<div class=\"e-gallery-image elementor-gallery-item__image\" data-thumbnail=\"https:\/\/eremit-awards.at\/wp-content\/uploads\/2024\/01\/Gutesiegel_Meisterbetrieb-300x300.png\" data-width=\"300\" data-height=\"300\" aria-label=\"\" role=\"img\" ><\/div>\n\t\t\t\t\t\t\t\t\t\t\t\t\t\t<\/a>\n\t\t\t\t\t\t\t<a class=\"e-gallery-item elementor-gallery-item elementor-animated-content\" href=\"https:\/\/eremit-awards.at\/wp-content\/uploads\/2024\/01\/Staatlicher-ausgezeichneter-Ausbildungsbetrieb.png\" data-elementor-open-lightbox=\"yes\" data-elementor-lightbox-slideshow=\"b079ca6\" data-elementor-lightbox-title=\"Staatlicher-ausgezeichneter-Ausbildungsbetrieb\" data-e-action-hash=\"#elementor-action%3Aaction%3Dlightbox%26settings%3DeyJpZCI6NTA0LCJ1cmwiOiJodHRwczpcL1wvZXJlbWl0LWF3YXJkcy5hdFwvd3AtY29udGVudFwvdXBsb2Fkc1wvMjAyNFwvMDFcL1N0YWF0bGljaGVyLWF1c2dlemVpY2huZXRlci1BdXNiaWxkdW5nc2JldHJpZWIucG5nIiwic2xpZGVzaG93IjoiYjA3OWNhNiJ9\">\n\t\t\t\t\t<div class=\"e-gallery-image elementor-gallery-item__image\" data-thumbnail=\"https:\/\/eremit-awards.at\/wp-content\/uploads\/2024\/01\/Staatlicher-ausgezeichneter-Ausbildungsbetrieb-260x300.png\" data-width=\"260\" data-height=\"300\" aria-label=\"\" role=\"img\" ><\/div>\n\t\t\t\t\t\t\t\t\t\t\t\t\t\t<\/a>\n\t\t\t\t\t\t\t<a class=\"e-gallery-item elementor-gallery-item elementor-animated-content\" href=\"https:\/\/eremit-awards.at\/wp-content\/uploads\/2024\/01\/austria-a-4c.png\" data-elementor-open-lightbox=\"yes\" data-elementor-lightbox-slideshow=\"b079ca6\" data-elementor-lightbox-title=\"austria-a-4c\" data-e-action-hash=\"#elementor-action%3Aaction%3Dlightbox%26settings%3DeyJpZCI6NTA1LCJ1cmwiOiJodHRwczpcL1wvZXJlbWl0LWF3YXJkcy5hdFwvd3AtY29udGVudFwvdXBsb2Fkc1wvMjAyNFwvMDFcL2F1c3RyaWEtYS00Yy5wbmciLCJzbGlkZXNob3ciOiJiMDc5Y2E2In0%3D\">\n\t\t\t\t\t<div class=\"e-gallery-image elementor-gallery-item__image\" data-thumbnail=\"https:\/\/eremit-awards.at\/wp-content\/uploads\/2024\/01\/austria-a-4c-300x199.png\" data-width=\"300\" data-height=\"199\" aria-label=\"\" role=\"img\" ><\/div>\n\t\t\t\t\t\t\t\t\t\t\t\t\t\t<\/a>\n\t\t\t\t\t\t\t<a class=\"e-gallery-item elementor-gallery-item elementor-animated-content\" href=\"https:\/\/eremit-awards.at\/wp-content\/uploads\/2024\/01\/ALC22_Siegel-blau_Teilnehmer_RZ_300.png\" data-elementor-open-lightbox=\"yes\" data-elementor-lightbox-slideshow=\"b079ca6\" data-elementor-lightbox-title=\"ALC22_Siegel-blau_Teilnehmer_RZ_300\" data-e-action-hash=\"#elementor-action%3Aaction%3Dlightbox%26settings%3DeyJpZCI6NTAzLCJ1cmwiOiJodHRwczpcL1wvZXJlbWl0LWF3YXJkcy5hdFwvd3AtY29udGVudFwvdXBsb2Fkc1wvMjAyNFwvMDFcL0FMQzIyX1NpZWdlbC1ibGF1X1RlaWxuZWhtZXJfUlpfMzAwLnBuZyIsInNsaWRlc2hvdyI6ImIwNzljYTYifQ%3D%3D\">\n\t\t\t\t\t<div class=\"e-gallery-image elementor-gallery-item__image\" data-thumbnail=\"https:\/\/eremit-awards.at\/wp-content\/uploads\/2024\/01\/ALC22_Siegel-blau_Teilnehmer_RZ_300-300x300.png\" data-width=\"300\" data-height=\"300\" aria-label=\"\" role=\"img\" ><\/div>\n\t\t\t\t\t\t\t\t\t\t\t\t\t\t<\/a>\n\t\t\t\t\t<\/div>\n\t\t\t\t\t<\/div>\n\t\t\t\t<\/div>\n\t\t\t\t\t<\/div>\n\t\t<\/div>\n\t\t\t\t\t<\/div>\n\t\t<\/section>\n\t\t\t\t\t<\/div>\n\t\t<\/div>\n\t\t\t\t\t<\/div>\n\t\t<\/section>\n\t\t\t\t<section class=\"elementor-section elementor-top-section elementor-element elementor-element-6cc0c76 elementor-section-full_width elementor-section-stretched elementor-section-height-default elementor-section-height-default\" data-id=\"6cc0c76\" data-element_type=\"section\" data-e-type=\"section\" data-settings=\"{&quot;stretch_section&quot;:&quot;section-stretched&quot;,&quot;background_background&quot;:&quot;classic&quot;}\">\n\t\t\t\t\t\t<div class=\"elementor-container elementor-column-gap-default\">\n\t\t\t\t\t<div class=\"elementor-column elementor-col-100 elementor-top-column elementor-element elementor-element-d7335c9\" data-id=\"d7335c9\" data-element_type=\"column\" data-e-type=\"column\">\n\t\t\t<div class=\"elementor-widget-wrap elementor-element-populated\">\n\t\t\t\t\t\t<div class=\"elementor-element elementor-element-e39a0f7 elementor-widget elementor-widget-heading\" data-id=\"e39a0f7\" data-element_type=\"widget\" data-e-type=\"widget\" data-widget_type=\"heading.default\">\n\t\t\t\t<div class=\"elementor-widget-container\">\n\t\t\t\t\t<h2 class=\"elementor-heading-title elementor-size-default\">Takmer 100 rokov Eremit<\/h2>\t\t\t\t<\/div>\n\t\t\t\t<\/div>\n\t\t\t\t<div class=\"elementor-element elementor-element-babc772 elementor-widget elementor-widget-tp-process-steps\" data-id=\"babc772\" data-element_type=\"widget\" data-e-type=\"widget\" data-widget_type=\"tp-process-steps.default\">\n\t\t\t\t<div class=\"elementor-widget-container\">\n\t\t\t\t\t<div id=\"proste69d52b36600cf\" class=\"tp-process-steps-widget style_2  mobile\"  data-connection=\"\" data-eventtype=\"\"><div class=\"tp-process-steps-wrapper elementor-repeater-item-80fcd50 elementor-ps-content-0\" data-index=\"0\"><div class=\"tp-ps-left-imt tp-ps-special-bg\"><span class=\"tp-ps-icon-img tp-ps-special-bg\"><span class=\"tp-ps-text\">1927<\/span><\/span><\/div><div class=\"tp-ps-right-content\"><span class=\"tp-ps-content\"> <div class=\"tp-pro-step-desc\"> <p>Zalo\u017een\u00e1 vo Viedni<br \/>Hansom Eremitom -<br \/>vtedaj\u0161\u00edm n\u00e1zvom spolo\u010dnosti<br \/>Plastikmetall<\/p> <\/div><\/span><\/div><\/div><div class=\"tp-process-steps-wrapper elementor-repeater-item-41bebef elementor-ps-content-1\" data-index=\"1\"><div class=\"tp-ps-left-imt tp-ps-special-bg\"><span class=\"tp-ps-icon-img tp-ps-special-bg\"><span class=\"tp-ps-text\">1960<\/span><\/span><\/div><div class=\"tp-ps-right-content\"><span class=\"tp-ps-content\"> <div class=\"tp-pro-step-desc\"> <p>Pres\u0165ahovanie do Wildungsmauer -<br \/>vlastn\u00e1 v\u00fdrobn\u00e1 hala\na sklad<\/p> <\/div><\/span><\/div><\/div><div class=\"tp-process-steps-wrapper elementor-repeater-item-01fc778 elementor-ps-content-2\" data-index=\"2\"><div class=\"tp-ps-left-imt tp-ps-special-bg\"><span class=\"tp-ps-icon-img tp-ps-special-bg\"><span class=\"tp-ps-text\">1993<\/span><\/span><\/div><div class=\"tp-ps-right-content\"><span class=\"tp-ps-content\"> <div class=\"tp-pro-step-desc\"> <p>Zalo\u017eenie dc\u00e9rskej spolo\u010dnosti<br \/>v Znojme<br \/>(\u010cesk\u00e1 republika)<\/p> <\/div><\/span><\/div><\/div><div class=\"tp-process-steps-wrapper elementor-repeater-item-e9fe57d elementor-ps-content-3\" data-index=\"3\"><div class=\"tp-ps-left-imt tp-ps-special-bg\"><span class=\"tp-ps-icon-img tp-ps-special-bg\"><span class=\"tp-ps-text\">2018<\/span><\/span><\/div><div class=\"tp-ps-right-content\"><span class=\"tp-ps-content\"> <div class=\"tp-pro-step-desc\"> <p>Expanzia - V\u00fdstavba<br \/>nov\u00e9ho technologick\u00e9ho centra<br \/>s \u010fal\u0161\u00edmi 2000 m\u00b2<br \/>v\u00fdrobn\u00fdch priestorov<\/p> <\/div><\/span><\/div><\/div><div class=\"tp-process-steps-wrapper elementor-repeater-item-820c1b1 elementor-ps-content-4\" data-index=\"4\"><div class=\"tp-ps-left-imt tp-ps-special-bg\"><span class=\"tp-ps-icon-img tp-ps-special-bg\"><span class=\"tp-ps-text\">2022<\/span><\/span><\/div><div class=\"tp-ps-right-content\"><span class=\"tp-ps-content\"> <div class=\"tp-pro-step-desc\"> <p>Invest\u00edcia do<br \/>fotovoltaick\u00fdch syst\u00e9mov \u2013<br \/>cie\u013e nez\u00e1visl\u00e9ho<br \/>z\u00e1sobovania energiou<\/p> <\/div><\/span><\/div><\/div><\/div>\t\t\t\t<\/div>\n\t\t\t\t<\/div>\n\t\t\t\t\t<\/div>\n\t\t<\/div>\n\t\t\t\t\t<\/div>\n\t\t<\/section>\n\t\t\t\t<\/div>","protected":false},"excerpt":{"rendered":"<p>\u00dcber uns Eremit Display ist ein Familienunternehmen, das seit 1927 Kunststoffprodukte herstellt. Angefangen mit Haushaltsartikeln und Christbaumschmuck, hat sich das Unternehmen stetig weiterentwickelt und expandiert. Heute hat es drei Standorte in \u00d6sterreich und Tschechien, wo es modernste Technologien wie Laser, CNC-Fr\u00e4sen und digitalen Plattendruck einsetzt. Eremit Display bietet seinen Kunden individuelle Produktentwicklung und Sonderfertigungen aus [&hellip;]<\/p>\n","protected":false},"author":1,"featured_media":0,"parent":0,"menu_order":0,"comment_status":"closed","ping_status":"closed","template":"","meta":{"site-sidebar-layout":"no-sidebar","site-content-layout":"","ast-site-content-layout":"full-width-container","site-content-style":"default","site-sidebar-style":"default","ast-global-header-display":"","ast-banner-title-visibility":"","ast-main-header-display":"","ast-hfb-above-header-display":"","ast-hfb-below-header-display":"","ast-hfb-mobile-header-display":"","site-post-title":"disabled","ast-breadcrumbs-content":"","ast-featured-img":"disabled","footer-sml-layout":"","ast-disable-related-posts":"","theme-transparent-header-meta":"","adv-header-id-meta":"","stick-header-meta":"","header-above-stick-meta":"","header-main-stick-meta":"","header-below-stick-meta":"","astra-migrate-meta-layouts":"default","ast-page-background-enabled":"default","ast-page-background-meta":{"desktop":{"background-color":"var(--ast-global-color-4)","background-image":"","background-repeat":"repeat","background-position":"center center","background-size":"auto","background-attachment":"scroll","background-type":"","background-media":"","overlay-type":"","overlay-color":"","overlay-opacity":"","overlay-gradient":""},"tablet":{"background-color":"","background-image":"","background-repeat":"repeat","background-position":"center center","background-size":"auto","background-attachment":"scroll","background-type":"","background-media":"","overlay-type":"","overlay-color":"","overlay-opacity":"","overlay-gradient":""},"mobile":{"background-color":"","background-image":"","background-repeat":"repeat","background-position":"center center","background-size":"auto","background-attachment":"scroll","background-type":"","background-media":"","overlay-type":"","overlay-color":"","overlay-opacity":"","overlay-gradient":""}},"ast-content-background-meta":{"desktop":{"background-color":"var(--ast-global-color-5)","background-image":"","background-repeat":"repeat","background-position":"center center","background-size":"auto","background-attachment":"scroll","background-type":"","background-media":"","overlay-type":"","overlay-color":"","overlay-opacity":"","overlay-gradient":""},"tablet":{"background-color":"var(--ast-global-color-5)","background-image":"","background-repeat":"repeat","background-position":"center center","background-size":"auto","background-attachment":"scroll","background-type":"","background-media":"","overlay-type":"","overlay-color":"","overlay-opacity":"","overlay-gradient":""},"mobile":{"background-color":"var(--ast-global-color-5)","background-image":"","background-repeat":"repeat","background-position":"center center","background-size":"auto","background-attachment":"scroll","background-type":"","background-media":"","overlay-type":"","overlay-color":"","overlay-opacity":"","overlay-gradient":""}},"footnotes":""},"class_list":["post-29","page","type-page","status-publish","hentry"],"_links":{"self":[{"href":"https:\/\/eremit-awards.at\/sk\/wp-json\/wp\/v2\/pages\/29","targetHints":{"allow":["GET"]}}],"collection":[{"href":"https:\/\/eremit-awards.at\/sk\/wp-json\/wp\/v2\/pages"}],"about":[{"href":"https:\/\/eremit-awards.at\/sk\/wp-json\/wp\/v2\/types\/page"}],"author":[{"embeddable":true,"href":"https:\/\/eremit-awards.at\/sk\/wp-json\/wp\/v2\/users\/1"}],"replies":[{"embeddable":true,"href":"https:\/\/eremit-awards.at\/sk\/wp-json\/wp\/v2\/comments?post=29"}],"version-history":[{"count":29,"href":"https:\/\/eremit-awards.at\/sk\/wp-json\/wp\/v2\/pages\/29\/revisions"}],"predecessor-version":[{"id":1076,"href":"https:\/\/eremit-awards.at\/sk\/wp-json\/wp\/v2\/pages\/29\/revisions\/1076"}],"wp:attachment":[{"href":"https:\/\/eremit-awards.at\/sk\/wp-json\/wp\/v2\/media?parent=29"}],"curies":[{"name":"wp","href":"https:\/\/api.w.org\/{rel}","templated":true}]}}