{"id":3,"date":"2023-11-24T12:12:30","date_gmt":"2023-11-24T12:12:30","guid":{"rendered":"https:\/\/eremit-awards.at\/?page_id=3"},"modified":"2024-02-02T09:11:37","modified_gmt":"2024-02-02T09:11:37","slug":"datenschutz","status":"publish","type":"page","link":"https:\/\/eremit-awards.at\/sk\/datenschutz\/","title":{"rendered":"Ochrana \u00fadajov"},"content":{"rendered":"<div data-elementor-type=\"wp-page\" data-elementor-id=\"3\" class=\"elementor elementor-3\" data-elementor-post-type=\"page\">\n\t\t\t\t\t\t<section class=\"elementor-section elementor-top-section elementor-element elementor-element-8424ae3 elementor-section-boxed elementor-section-height-default elementor-section-height-default\" data-id=\"8424ae3\" data-element_type=\"section\" data-e-type=\"section\">\n\t\t\t\t\t\t<div class=\"elementor-container elementor-column-gap-default\">\n\t\t\t\t\t<div class=\"elementor-column elementor-col-100 elementor-top-column elementor-element elementor-element-7e97fabc\" data-id=\"7e97fabc\" data-element_type=\"column\" data-e-type=\"column\">\n\t\t\t<div class=\"elementor-widget-wrap elementor-element-populated\">\n\t\t\t\t\t\t<div class=\"elementor-element elementor-element-353867 elementor-widget elementor-widget-text-editor\" data-id=\"353867\" data-element_type=\"widget\" data-e-type=\"widget\" data-widget_type=\"text-editor.default\">\n\t\t\t\t<div class=\"elementor-widget-container\">\n\t\t\t\t\t\t\t\t\t<h2>Ochrana \u00fadajov<\/h2>\n<p>Ochrana va\u0161ich osobn\u00fdch \u00fadajov je pre n\u00e1s obzvl\u00e1\u0161\u0165 d\u00f4le\u017eit\u00e1. Va\u0161e \u00fadaje preto sprac\u00favame v\u00fdlu\u010dne na z\u00e1klade z\u00e1konn\u00fdch ustanoven\u00ed (GDPR, TKG 2003). V t\u00fdchto inform\u00e1ci\u00e1ch o ochrane \u00fadajov v\u00e1s informujeme o najd\u00f4le\u017eitej\u0161\u00edch aspektoch spracovania \u00fadajov na na\u0161ej webovej str\u00e1nke.<\/p>\n<p>Va\u0161e \u00fadaje nebud\u00fa bez v\u00e1\u0161ho v\u00fdslovn\u00e9ho s\u00fahlasu poskytnut\u00e9 in\u00fdm pr\u00edjemcom.<\/p>\n<h2>Kontaktujte n\u00e1s<\/h2>\n<p>Ak n\u00e1s kontaktujete pomocou formul\u00e1ra na webovej str\u00e1nke alebo e-mailom, \u00fadaje, ktor\u00e9 n\u00e1m poskytnete, budeme uchov\u00e1va\u0165 po dobu \u0161iestich mesiacov, aby sme mohli spracova\u0165 va\u0161u po\u017eiadavku a pre pr\u00edpad dopl\u0148uj\u00facich ot\u00e1zok. Bez v\u00e1\u0161ho s\u00fahlasu tieto \u00fadaje neposkytneme.<\/p>\n<h2>Formul\u00e1re<\/h2>\n<p>o odoslan\u00ed kontaktn\u00e9ho formul\u00e1ra bud\u00fa vy\u0161\u0161ie uveden\u00e9 \u00fadaje spracovan\u00e9 osobou zodpovednou za ochranu \u00fadajov Alfred Eremit Gesellschaf mb H., Untere Carnuntumstra\u00dfe 17, A-2403 Wildungsmauer,, Mail:\u00a0<span id=\"cloak34be3ece507898e5166d908b2ea6d6a1\"><a href=\"mailto:office@eremit-display.at\">office@eremit-display.at<\/a><\/span>, za \u00fa\u010delom spracovania Va\u0161ej \u017eiadosti V\u00e1\u0161 s\u00fahlas udelen\u00fd odoslan\u00edm formul\u00e1ra. \u00dadaje bud\u00fa \u010falej sprac\u00favan\u00e9 na \u00fa\u010dely priamej reklamy, ktor\u00e1 je zlu\u010dite\u013en\u00e1 s p\u00f4vodn\u00fdm \u00fa\u010delom sprac\u00favania, na rovnakom pr\u00e1vnom z\u00e1klade, pokia\u013e nebude vznesen\u00e1 n\u00e1mietka. Neexistuje \u017eiadna z\u00e1konn\u00e1 ani zmluvn\u00e1 povinnos\u0165 poskytn\u00fa\u0165 osobn\u00e9 \u00fadaje. Ak ho neposkytnete, jednoducho to znamen\u00e1, \u017ee svoju \u017eiados\u0165 nebudete m\u00f4c\u0165 odosla\u0165 a my ju nebudeme m\u00f4c\u0165 spracova\u0165. Nebud\u00fa post\u00fapen\u00e9 \u010fal\u0161\u00edm pr\u00edjemcom. M\u00e1te pr\u00e1vo svoj s\u00fahlas kedyko\u013evek odvola\u0165 p\u00edsomn\u00fdm ozn\u00e1men\u00edm, bez toho, aby to malo vplyv na z\u00e1konnos\u0165 spracovania vykonan\u00e9ho na z\u00e1klade s\u00fahlasu pred jeho odvolan\u00edm. M\u00e1te pr\u00e1vo kedyko\u013evek namieta\u0165 proti pou\u017e\u00edvaniu va\u0161ich osobn\u00fdch \u00fadajov na \u00fa\u010dely priameho marketingu zaslan\u00edm p\u00edsomn\u00e9ho ozn\u00e1menia. V pr\u00edpade vznesenia n\u00e1mietky u\u017e nebud\u00fa Va\u0161e osobn\u00e9 \u00fadaje sprac\u00favan\u00e9 za \u00fa\u010delom priamej reklamy. M\u00e1te pr\u00e1vo na inform\u00e1cie, opravu, vymazanie, obmedzenie spracovania a prenosnos\u0165 va\u0161ich osobn\u00fdch \u00fadajov, ako aj pr\u00e1vo poda\u0165 s\u0165a\u017enos\u0165 dozorn\u00e9mu org\u00e1nu (Rak\u00fasky \u00farad na ochranu \u00fadajov, Hohenstaufengasse 3, 1010 Viede\u0148,  dsb@dsb.gv.at ).\u00a0<span id=\"cloak69a433209107c660f1921c6c681faaf2\"><a href=\"mailto:dsb@dsb.gv.at\">dsb@dsb.gv.at<\/a><\/span>).<\/p>\n<h2>Cookies<\/h2>\n<p>T\u00e1to webov\u00e1 str\u00e1nka pou\u017e\u00edva s\u00fabory cookie. S\u00fabory cookie robia webov\u00e9 str\u00e1nky u\u017e\u00edvate\u013esky pr\u00edjemnej\u0161ie a efekt\u00edvnej\u0161ie pre u\u017e\u00edvate\u013ea. S\u00fabor cookie je mal\u00fd textov\u00fd s\u00fabor, ktor\u00fd sa pou\u017e\u00edva na ukladanie inform\u00e1ci\u00ed. Ke\u010f nav\u0161t\u00edvite webov\u00fa str\u00e1nku, webov\u00e1 lokalita m\u00f4\u017ee umiestni\u0165 s\u00fabor cookie do po\u010d\u00edta\u010da n\u00e1v\u0161tevn\u00edka webovej str\u00e1nky. Ak pou\u017e\u00edvate\u013e nesk\u00f4r znova nav\u0161t\u00edvi webov\u00fa str\u00e1nku, webov\u00e1 lokalita m\u00f4\u017ee pre\u010d\u00edta\u0165 \u00fadaje z predt\u00fdm ulo\u017een\u00e9ho s\u00faboru cookie a napr\u00edklad zisti\u0165, \u010di pou\u017e\u00edvate\u013e webov\u00fa str\u00e1nku u\u017e nav\u0161t\u00edvil a o ktor\u00e9 oblasti webovej str\u00e1nky sa pou\u017e\u00edvate\u013e obzvl\u00e1\u0161\u0165 zauj\u00edmal. Viac inform\u00e1ci\u00ed o s\u00faboroch cookie n\u00e1jdete na WIKIP\u00c9DII.<\/p>\n<h2>Zmena nastaven\u00ed cookies<\/h2>\n<p>Pou\u017e\u00edvate\u013e si m\u00f4\u017ee v nastaveniach webov\u00e9ho prehliada\u010da ur\u010di\u0165, ako webov\u00fd prehliada\u010d naklad\u00e1 s cookies a ktor\u00e9 cookies s\u00fa povolen\u00e9 alebo odmietan\u00e9. Kde presne sa tieto nastavenia nach\u00e1dzaj\u00fa, z\u00e1vis\u00ed od pr\u00edslu\u0161n\u00e9ho webov\u00e9ho prehliada\u010da. K podrobn\u00fdm inform\u00e1ci\u00e1m sa dostanete pomocou funkcie pomocn\u00edka pr\u00edslu\u0161n\u00e9ho webov\u00e9ho prehliada\u010da. Ak je pou\u017e\u00edvanie cookies obmedzen\u00e9, v\u0161etky funkcie tejto webovej str\u00e1nky u\u017e nemusia by\u0165 plne pou\u017eite\u013en\u00e9.<\/p>\n<h2>Cookies na na\u0161ej webovej str\u00e1nke<\/h2>\n<p>Na\u0161a webov\u00e1 str\u00e1nka vyu\u017e\u00edva nasleduj\u00facich poskytovate\u013eov:<\/p>\n<ul>\n<li>Na\u0161a webov\u00e1 str\u00e1nka (CookieConsent): Sl\u00fa\u017ei na ulo\u017eenie s\u00fahlasu s pou\u017e\u00edvan\u00edm cookies.<\/li>\n<li>Google Analytics od spolo\u010dnosti Google LLC: &gt; Podmienky pou\u017e\u00edvania slu\u017eby Google Analytics<\/li>\n<\/ul>\n<h2>Google Analytics<\/h2>\n<p>T\u00e1to webov\u00e1 str\u00e1nka pou\u017e\u00edva Google Analytics, slu\u017ebu webovej anal\u00fdzy poskytovan\u00fa spolo\u010dnos\u0165ou Google Inc, 1600 Amphitheatre Parkway Mountain View, CA 94043, USA (\u201eGoogle\u201c) na pr\u00e1vnom z\u00e1klade preva\u017euj\u00faceho opr\u00e1vnen\u00e9ho z\u00e1ujmu (anal\u00fdza pou\u017e\u00edvania webovej str\u00e1nky). Na tento \u00fa\u010del sme so spolo\u010dnos\u0165ou Google uzavreli zmluvu o spracovan\u00ed \u00fadajov. Ke\u010f vst\u00fapite na na\u0161u webov\u00fa str\u00e1nku, vytvor\u00ed sa spojenie so servermi Google prostredn\u00edctvom softv\u00e9ru a \u00fadaje sa prenes\u00fa na servery Google, z ktor\u00fdch niektor\u00e9 sa nach\u00e1dzaj\u00fa v USA. Google Analytics tie\u017e pou\u017e\u00edva s\u00fabory cookie na ukladanie inform\u00e1ci\u00ed o pou\u017e\u00edvate\u013eoch webov\u00fdch str\u00e1nok a na anal\u00fdzu toho, ako pou\u017e\u00edvatelia webov\u00fdch str\u00e1nok pou\u017e\u00edvaj\u00fa webov\u00e9 str\u00e1nky.<\/p>\n<p>T\u00e1to webov\u00e1 str\u00e1nka pou\u017e\u00edva funkciu \u201eAktiv\u00e1cia anonymiz\u00e1cie IP\u201c. V d\u00f4sledku toho bude va\u0161a IP adresa spolo\u010dnos\u0165ou Google vopred skr\u00e1ten\u00e1 v r\u00e1mci \u010dlensk\u00fdch \u0161t\u00e1tov Eur\u00f3pskej \u00fanie alebo v in\u00fdch zmluvn\u00fdch \u0161t\u00e1toch Dohody o Eur\u00f3pskom hospod\u00e1rskom priestore. Len vo v\u00fdnimo\u010dn\u00fdch pr\u00edpadoch bude \u00fapln\u00e1 IP adresa prenesen\u00e1 na server Google v USA a tam skr\u00e1ten\u00e1. Pod\u013ea spolo\u010dnosti Google pou\u017eije Google zhroma\u017eden\u00e9 \u00fadaje na vyhodnotenie pou\u017e\u00edvania webovej str\u00e1nky, na zostavenie spr\u00e1v o aktivite na webovej lokalite a na poskytovanie \u010fal\u0161\u00edch slu\u017eieb s\u00favisiacich s \u010dinnos\u0165ou webovej str\u00e1nky a pou\u017e\u00edvan\u00edm internetu. Spolo\u010dnos\u0165 Google m\u00f4\u017ee tieto inform\u00e1cie prenies\u0165 aj na tretie strany, ak to vy\u017eaduje z\u00e1kon alebo ak tretie strany sprac\u00favaj\u00fa tieto \u00fadaje v mene spolo\u010dnosti Google.<\/p>\n<p>Podrobn\u00e9 inform\u00e1cie o tom, ako Google Analytics nar\u00e1ba s \u00fadajmi pou\u017e\u00edvate\u013eov, n\u00e1jdete v z\u00e1sad\u00e1ch ochrany osobn\u00fdch \u00fadajov Google alebo Google Analytics.<\/p>\n<h2>Deaktivujte slu\u017ebu Google Analytics<\/h2>\n<p>Slu\u017ebe Google Analytics m\u00f4\u017eete vo v\u0161eobecnosti zabr\u00e1ni\u0165 v zhroma\u017e\u010fovan\u00ed va\u0161ich pou\u017e\u00edvate\u013esk\u00fdch \u00fadajov na v\u0161etk\u00fdch webov\u00fdch str\u00e1nkach stiahnut\u00edm a nain\u0161talovan\u00edm doplnku prehliada\u010da, ktor\u00fd je k dispoz\u00edcii na nasleduj\u00facom odkaze: https:\/\/tools.google.com\/dlpage\/gaoptout?hl=de M\u00f4\u017eete zabr\u00e1ni\u0165 zo zhroma\u017e\u010fovania pou\u017e\u00edvate\u013esk\u00fdch \u00fadajov slu\u017ebou Google Analytics iba na tejto webovej str\u00e1nke kliknut\u00edm na nasleduj\u00faci odkaz. Nastav\u00ed sa opt-out cookie, aby sa zabr\u00e1nilo zhroma\u017e\u010fovaniu va\u0161ich \u00fadajov pri bud\u00facich n\u00e1v\u0161tev\u00e1ch tejto webovej str\u00e1nky: deaktivujte slu\u017ebu Google Analytics. Va\u0161e pr\u00e1va<\/p>\n<p>V z\u00e1sade m\u00e1te pr\u00e1vo na inform\u00e1cie, opravu, vymazanie, obmedzenie, prenosnos\u0165 \u00fadajov, zru\u0161enie a n\u00e1mietku. Ak sa domnievate, \u017ee sprac\u00favanie va\u0161ich \u00fadajov poru\u0161uje z\u00e1kon o ochrane \u00fadajov alebo boli in\u00fdm sp\u00f4sobom poru\u0161en\u00e9 va\u0161e pr\u00e1va na ochranu \u00fadajov, m\u00f4\u017eete sa s\u0165a\u017eova\u0165 dozorn\u00e9mu org\u00e1nu. V Rak\u00fasku je to org\u00e1n na ochranu \u00fadajov. M\u00f4\u017eete n\u00e1s kontaktova\u0165 pomocou nasleduj\u00facich kontaktn\u00fdch \u00fadajov:<\/p>\n<p>Alfred Eremit Gesellschaft m. b. H.<br \/>Untere Carnutumstra\u00dfe 17, A-2403 Wildungsmauer<br \/>Mail:\u00a0<span id=\"cloak6642f338c461a7b5a664fb6ba1036e8b\"><a href=\"mailto:office@eremit-display.at\">office@eremit-display.at<\/a><\/span><\/p>\t\t\t\t\t\t\t\t<\/div>\n\t\t\t\t<\/div>\n\t\t\t\t\t<\/div>\n\t\t<\/div>\n\t\t\t\t\t<\/div>\n\t\t<\/section>\n\t\t\t\t<\/div>","protected":false},"excerpt":{"rendered":"<p>Datenschutz Der Schutz Ihrer pers\u00f6nlichen Daten ist uns ein besonderes Anliegen. Wir verarbeiten Ihre Daten daher ausschlie\u00dflich auf Grundlage der gesetzlichen Bestimmungen (DSGVO, TKG 2003). In diesen Datenschutzinformationen informieren wir Sie \u00fcber die wichtigsten Aspekte der Datenverarbeitung im Rahmen unserer Website. Ihre Daten werden ohne Ihre ausdr\u00fcckliche Zustimmung nicht an andere Empf\u00e4nger weitergegeben. Kontakt mit [&hellip;]<\/p>\n","protected":false},"author":1,"featured_media":0,"parent":0,"menu_order":0,"comment_status":"closed","ping_status":"closed","template":"","meta":{"site-sidebar-layout":"default","site-content-layout":"","ast-site-content-layout":"default","site-content-style":"default","site-sidebar-style":"default","ast-global-header-display":"","ast-banner-title-visibility":"","ast-main-header-display":"","ast-hfb-above-header-display":"","ast-hfb-below-header-display":"","ast-hfb-mobile-header-display":"","site-post-title":"","ast-breadcrumbs-content":"","ast-featured-img":"","footer-sml-layout":"","ast-disable-related-posts":"","theme-transparent-header-meta":"","adv-header-id-meta":"","stick-header-meta":"","header-above-stick-meta":"","header-main-stick-meta":"","header-below-stick-meta":"","astra-migrate-meta-layouts":"default","ast-page-background-enabled":"default","ast-page-background-meta":{"desktop":{"background-color":"var(--ast-global-color-4)","background-image":"","background-repeat":"repeat","background-position":"center center","background-size":"auto","background-attachment":"scroll","background-type":"","background-media":"","overlay-type":"","overlay-color":"","overlay-opacity":"","overlay-gradient":""},"tablet":{"background-color":"","background-image":"","background-repeat":"repeat","background-position":"center center","background-size":"auto","background-attachment":"scroll","background-type":"","background-media":"","overlay-type":"","overlay-color":"","overlay-opacity":"","overlay-gradient":""},"mobile":{"background-color":"","background-image":"","background-repeat":"repeat","background-position":"center center","background-size":"auto","background-attachment":"scroll","background-type":"","background-media":"","overlay-type":"","overlay-color":"","overlay-opacity":"","overlay-gradient":""}},"ast-content-background-meta":{"desktop":{"background-color":"var(--ast-global-color-5)","background-image":"","background-repeat":"repeat","background-position":"center center","background-size":"auto","background-attachment":"scroll","background-type":"","background-media":"","overlay-type":"","overlay-color":"","overlay-opacity":"","overlay-gradient":""},"tablet":{"background-color":"var(--ast-global-color-5)","background-image":"","background-repeat":"repeat","background-position":"center center","background-size":"auto","background-attachment":"scroll","background-type":"","background-media":"","overlay-type":"","overlay-color":"","overlay-opacity":"","overlay-gradient":""},"mobile":{"background-color":"var(--ast-global-color-5)","background-image":"","background-repeat":"repeat","background-position":"center center","background-size":"auto","background-attachment":"scroll","background-type":"","background-media":"","overlay-type":"","overlay-color":"","overlay-opacity":"","overlay-gradient":""}},"footnotes":""},"class_list":["post-3","page","type-page","status-publish","hentry"],"_links":{"self":[{"href":"https:\/\/eremit-awards.at\/sk\/wp-json\/wp\/v2\/pages\/3","targetHints":{"allow":["GET"]}}],"collection":[{"href":"https:\/\/eremit-awards.at\/sk\/wp-json\/wp\/v2\/pages"}],"about":[{"href":"https:\/\/eremit-awards.at\/sk\/wp-json\/wp\/v2\/types\/page"}],"author":[{"embeddable":true,"href":"https:\/\/eremit-awards.at\/sk\/wp-json\/wp\/v2\/users\/1"}],"replies":[{"embeddable":true,"href":"https:\/\/eremit-awards.at\/sk\/wp-json\/wp\/v2\/comments?post=3"}],"version-history":[{"count":4,"href":"https:\/\/eremit-awards.at\/sk\/wp-json\/wp\/v2\/pages\/3\/revisions"}],"predecessor-version":[{"id":633,"href":"https:\/\/eremit-awards.at\/sk\/wp-json\/wp\/v2\/pages\/3\/revisions\/633"}],"wp:attachment":[{"href":"https:\/\/eremit-awards.at\/sk\/wp-json\/wp\/v2\/media?parent=3"}],"curies":[{"name":"wp","href":"https:\/\/api.w.org\/{rel}","templated":true}]}}